{"id":1276,"date":"2024-08-05T14:20:34","date_gmt":"2024-08-05T14:20:34","guid":{"rendered":"https:\/\/guides-montagne-tignes.com\/cookies-copy\/"},"modified":"2024-08-05T14:32:51","modified_gmt":"2024-08-05T14:32:51","slug":"mentions-legales","status":"publish","type":"page","link":"https:\/\/guides-montagne-tignes.com\/en\/legal-information\/","title":{"rendered":"Legal information"},"content":{"rendered":"<style>.elementor-1276 .elementor-element.elementor-element-4686217 > .elementor-container{max-width:1170px;}.elementor-1276 .elementor-element.elementor-element-4686217:not(.elementor-motion-effects-element-type-background), .elementor-1276 .elementor-element.elementor-element-4686217 > .elementor-motion-effects-container > .elementor-motion-effects-layer{background-image:url(\"https:\/\/guides-montagne-tignes.com\/wp-content\/uploads\/2024\/03\/joseph-andrews-1FG1BuSt7gI-unsplash-scaled.jpg\");background-position:0px 75%;background-size:cover;}.elementor-1276 .elementor-element.elementor-element-4686217 > .elementor-background-overlay{background-color:#121212;opacity:0.7;transition:background 0.3s, border-radius 0.3s, opacity 0.3s;}.elementor-1276 .elementor-element.elementor-element-4686217{transition:background 0.3s, border 0.3s, border-radius 0.3s, box-shadow 0.3s;margin-top:0px;margin-bottom:0px;padding:200px 0px 100px 0px;}.elementor-1276 .elementor-element.elementor-element-4e44d55{text-align:center;z-index:1;}.elementor-1276 .elementor-element.elementor-element-4e44d55 .elementor-heading-title{font-family:var( --e-global-typography-secondary-font-family ), Sans-serif;font-size:var( --e-global-typography-secondary-font-size );font-weight:var( --e-global-typography-secondary-font-weight );text-transform:var( --e-global-typography-secondary-text-transform );line-height:var( --e-global-typography-secondary-line-height );letter-spacing:var( --e-global-typography-secondary-letter-spacing );color:#FFFFFF;}.elementor-1276 .elementor-element.elementor-element-843fd01{text-align:center;top:-31%;z-index:0;}.elementor-1276 .elementor-element.elementor-element-843fd01 .elementor-heading-title{font-family:var( --e-global-typography-77f3e46-font-family ), Sans-serif;font-size:var( --e-global-typography-77f3e46-font-size );font-weight:var( --e-global-typography-77f3e46-font-weight );text-transform:var( --e-global-typography-77f3e46-text-transform );line-height:var( --e-global-typography-77f3e46-line-height );letter-spacing:var( --e-global-typography-77f3e46-letter-spacing );word-spacing:var( --e-global-typography-77f3e46-word-spacing );color:#FFFFFF38;}body:not(.rtl) .elementor-1276 .elementor-element.elementor-element-843fd01{left:0%;}body.rtl .elementor-1276 .elementor-element.elementor-element-843fd01{right:0%;}.elementor-1276 .elementor-element.elementor-element-0322bc8{--display:flex;--flex-direction:column;--container-widget-width:100%;--container-widget-height:initial;--container-widget-flex-grow:0;--container-widget-align-self:initial;--flex-wrap-mobile:wrap;}.elementor-1276 .elementor-element.elementor-element-0e841dd .elementor-heading-title{font-size:28px;font-weight:bold;}.elementor-1276 .elementor-element.elementor-element-69308bd{--display:flex;--flex-direction:column;--container-widget-width:100%;--container-widget-height:initial;--container-widget-flex-grow:0;--container-widget-align-self:initial;--flex-wrap-mobile:wrap;}.elementor-1276 .elementor-element.elementor-element-6e88394 .elementor-heading-title{font-size:28px;font-weight:bold;}.elementor-1276 .elementor-element.elementor-element-6fe608d .elementor-heading-title{font-size:28px;font-weight:bold;}:root{--page-title-display:none;}@media(max-width:1024px){.elementor-1276 .elementor-element.elementor-element-4686217:not(.elementor-motion-effects-element-type-background), .elementor-1276 .elementor-element.elementor-element-4686217 > .elementor-motion-effects-container > .elementor-motion-effects-layer{background-position:0px 0px;}.elementor-1276 .elementor-element.elementor-element-4686217{margin-top:0px;margin-bottom:0px;padding:205px 10px 100px 10px;}.elementor-1276 .elementor-element.elementor-element-4e44d55 .elementor-heading-title{font-size:var( --e-global-typography-secondary-font-size );line-height:var( --e-global-typography-secondary-line-height );letter-spacing:var( --e-global-typography-secondary-letter-spacing );}.elementor-1276 .elementor-element.elementor-element-843fd01 .elementor-heading-title{font-size:var( --e-global-typography-77f3e46-font-size );line-height:var( --e-global-typography-77f3e46-line-height );letter-spacing:var( --e-global-typography-77f3e46-letter-spacing );word-spacing:var( --e-global-typography-77f3e46-word-spacing );}body:not(.rtl) .elementor-1276 .elementor-element.elementor-element-843fd01{left:0px;}body.rtl .elementor-1276 .elementor-element.elementor-element-843fd01{right:0px;}.elementor-1276 .elementor-element.elementor-element-843fd01{top:-15%;}}@media(max-width:767px){.elementor-1276 .elementor-element.elementor-element-4686217:not(.elementor-motion-effects-element-type-background), .elementor-1276 .elementor-element.elementor-element-4686217 > .elementor-motion-effects-container > .elementor-motion-effects-layer{background-position:center center;}.elementor-1276 .elementor-element.elementor-element-4686217{margin-top:0px;margin-bottom:0px;padding:142px 10px 40px 10px;}.elementor-1276 .elementor-element.elementor-element-4e44d55 .elementor-heading-title{font-size:var( --e-global-typography-secondary-font-size );line-height:var( --e-global-typography-secondary-line-height );letter-spacing:var( --e-global-typography-secondary-letter-spacing );}.elementor-1276 .elementor-element.elementor-element-843fd01 .elementor-heading-title{font-size:var( --e-global-typography-77f3e46-font-size );line-height:var( --e-global-typography-77f3e46-line-height );letter-spacing:var( --e-global-typography-77f3e46-letter-spacing );word-spacing:var( --e-global-typography-77f3e46-word-spacing );}body:not(.rtl) .elementor-1276 .elementor-element.elementor-element-843fd01{left:0px;}body.rtl .elementor-1276 .elementor-element.elementor-element-843fd01{right:0px;}.elementor-1276 .elementor-element.elementor-element-843fd01{top:1%;}}<\/style>\t\t<div data-elementor-type=\"wp-page\" data-elementor-id=\"1276\" class=\"elementor elementor-1276\" data-elementor-post-type=\"page\">\n\t\t\t\t\t\t<section class=\"elementor-section elementor-top-section elementor-element elementor-element-4686217 elementor-section-boxed elementor-section-height-default elementor-section-height-default\" data-id=\"4686217\" data-element_type=\"section\" data-e-type=\"section\" data-settings=\"{&quot;background_background&quot;:&quot;classic&quot;}\">\n\t\t\t\t\t\t\t<div class=\"elementor-background-overlay\"><\/div>\n\t\t\t\t\t\t\t<div class=\"elementor-container elementor-column-gap-default\">\n\t\t\t\t\t<div class=\"elementor-column elementor-col-100 elementor-top-column elementor-element elementor-element-a0b2fca\" data-id=\"a0b2fca\" data-element_type=\"column\" data-e-type=\"column\">\n\t\t\t<div class=\"elementor-widget-wrap elementor-element-populated\">\n\t\t\t\t\t\t<div class=\"elementor-element elementor-element-4e44d55 elementor-widget elementor-widget-heading\" data-id=\"4e44d55\" data-element_type=\"widget\" data-e-type=\"widget\" data-widget_type=\"heading.default\">\n\t\t\t\t<div class=\"elementor-widget-container\">\n\t\t\t\t\t<h2 class=\"elementor-heading-title elementor-size-default\">legal notices<\/h2>\t\t\t\t<\/div>\n\t\t\t\t<\/div>\n\t\t\t\t<div class=\"elementor-element elementor-element-843fd01 elementor-absolute elementor-widget elementor-widget-heading\" data-id=\"843fd01\" data-element_type=\"widget\" data-e-type=\"widget\" data-settings=\"{&quot;_position&quot;:&quot;absolute&quot;}\" data-widget_type=\"heading.default\">\n\t\t\t\t<div class=\"elementor-widget-container\">\n\t\t\t\t\t<span class=\"elementor-heading-title elementor-size-default\">Information<\/span>\t\t\t\t<\/div>\n\t\t\t\t<\/div>\n\t\t\t\t\t<\/div>\n\t\t<\/div>\n\t\t\t\t\t<\/div>\n\t\t<\/section>\n\t\t<div class=\"elementor-element elementor-element-0322bc8 e-flex e-con-boxed e-con e-parent\" data-id=\"0322bc8\" data-element_type=\"container\" data-e-type=\"container\">\n\t\t\t\t\t<div class=\"e-con-inner\">\n\t\t\t\t<div class=\"elementor-element elementor-element-0e841dd elementor-widget elementor-widget-heading\" data-id=\"0e841dd\" data-element_type=\"widget\" data-e-type=\"widget\" data-widget_type=\"heading.default\">\n\t\t\t\t<div class=\"elementor-widget-container\">\n\t\t\t\t\t<h4 class=\"elementor-heading-title elementor-size-default\">Site owner<\/h4>\t\t\t\t<\/div>\n\t\t\t\t<\/div>\n\t\t\t\t\t<\/div>\n\t\t\t\t<\/div>\n\t\t<div class=\"elementor-element elementor-element-69308bd e-flex e-con-boxed e-con e-parent\" data-id=\"69308bd\" data-element_type=\"container\" data-e-type=\"container\">\n\t\t\t\t\t<div class=\"e-con-inner\">\n\t\t\t\t<div class=\"elementor-element elementor-element-a6a0678 elementor-widget elementor-widget-text-editor\" data-id=\"a6a0678\" data-element_type=\"widget\" data-e-type=\"widget\" data-widget_type=\"text-editor.default\">\n\t\t\t\t<div class=\"elementor-widget-container\">\n\t\t\t\t\t\t\t\t\t<p class=\"p2\"><strong>Bureau des <span class=\"s1\">guides <\/span>Tignes<\/strong><br \/>Imm. <span class=\"s2\">the <\/span>Nevada<br \/><span class=\"s1\">73320 <\/span>Tignes<br \/>Savoie<br \/>Phone +33 <span class=\"s3\">(0)6 <\/span><span class=\"s1\">09 7911 <\/span>54<\/p><p class=\"p1\">the <span class=\"s2\">Office <\/span>des Guides de Tignes can <span class=\"s2\">provide <\/span>from <span class=\"s2\">improvements <\/span>or <span class=\"s3\">from <\/span>changes to this site <span class=\"s2\">and <\/span>without prior notice. Visit <span class=\"s4\">information <\/span>on this site may contain <span class=\"s5\">inaccuracies <\/span>techniques or <span class=\"s2\">errors <\/span>typographical<\/p><p class=\"p1\">These <span class=\"s5\">information <\/span>can <span class=\"s2\">be <\/span>periodically <span class=\"s6\">modified<\/span><\/p>\t\t\t\t\t\t\t\t<\/div>\n\t\t\t\t<\/div>\n\t\t\t\t<div class=\"elementor-element elementor-element-6e88394 elementor-widget elementor-widget-heading\" data-id=\"6e88394\" data-element_type=\"widget\" data-e-type=\"widget\" data-widget_type=\"heading.default\">\n\t\t\t\t<div class=\"elementor-widget-container\">\n\t\t\t\t\t<h4 class=\"elementor-heading-title elementor-size-default\">Site design<\/h4>\t\t\t\t<\/div>\n\t\t\t\t<\/div>\n\t\t\t\t<div class=\"elementor-element elementor-element-a5b5eaf elementor-widget elementor-widget-text-editor\" data-id=\"a5b5eaf\" data-element_type=\"widget\" data-e-type=\"widget\" data-widget_type=\"text-editor.default\">\n\t\t\t\t<div class=\"elementor-widget-container\">\n\t\t\t\t\t\t\t\t\t<p class=\"p2\"><b>Jane Band<\/b><\/p><p class=\"p1\">Communication and audiovisual production agency<\/p><p class=\"p1\">2 chemin du Petit Poucet 73700 S\u00e9ez<br \/><strong>E-mail address :<\/strong>\u00a0johanne.bst@janeband.com.<br \/><strong>VAT number :<\/strong>\u00a0FR62904158680<br \/><strong>Director of publication :<\/strong>\u00a0Bastien Johanne<\/p>\t\t\t\t\t\t\t\t<\/div>\n\t\t\t\t<\/div>\n\t\t\t\t<div class=\"elementor-element elementor-element-6fe608d elementor-widget elementor-widget-heading\" data-id=\"6fe608d\" data-element_type=\"widget\" data-e-type=\"widget\" data-widget_type=\"heading.default\">\n\t\t\t\t<div class=\"elementor-widget-container\">\n\t\t\t\t\t<h4 class=\"elementor-heading-title elementor-size-default\">Site hosting<\/h4>\t\t\t\t<\/div>\n\t\t\t\t<\/div>\n\t\t\t\t<div class=\"elementor-element elementor-element-511bad6 elementor-widget elementor-widget-text-editor\" data-id=\"511bad6\" data-element_type=\"widget\" data-e-type=\"widget\" data-widget_type=\"text-editor.default\">\n\t\t\t\t<div class=\"elementor-widget-container\">\n\t\t\t\t\t\t\t\t\t<p class=\"p1\"><strong>OVH<\/strong><br \/>2, rue Kellermann<br \/><span class=\"s2\">597 <\/span>00 Roubaix<br \/>France<\/p>\t\t\t\t\t\t\t\t<\/div>\n\t\t\t\t<\/div>\n\t\t\t\t\t<\/div>\n\t\t\t\t<\/div>\n\t\t\t\t<\/div>","protected":false},"excerpt":{"rendered":"<p>legal notices Information Site owner Bureau des guides de TignesImm. le N\u00e9vada73320 TignesSavoieTel. +33 (0)6 09 7911 54 le Bureau des Guides de Tignes may make improvements or changes to this site without notice. The information on this site may contain technical inaccuracies or typographical errors.<\/p>","protected":false},"author":1,"featured_media":0,"parent":0,"menu_order":0,"comment_status":"closed","ping_status":"closed","template":"","meta":{"_acf_changed":false,"footnotes":""},"class_list":["post-1276","page","type-page","status-publish","hentry"],"acf":[],"yoast_head":"<!-- This site is optimized with the Yoast SEO plugin v27.2 - https:\/\/yoast.com\/product\/yoast-seo-wordpress\/ -->\n<title>Mentions L\u00e9gales - Bureau des Guides<\/title>\n<meta name=\"robots\" content=\"index, follow, max-snippet:-1, max-image-preview:large, max-video-preview:-1\" \/>\n<link rel=\"canonical\" href=\"https:\/\/guides-montagne-tignes.com\/en\/legal-information\/\" \/>\n<meta property=\"og:locale\" content=\"en_GB\" \/>\n<meta property=\"og:type\" content=\"article\" \/>\n<meta property=\"og:title\" content=\"Mentions L\u00e9gales - Bureau des Guides\" \/>\n<meta property=\"og:description\" content=\"mentions l\u00e9gales Information Propri\u00e9taire du site Bureau des guides de TignesImm. le N\u00e9vada73320 TignesSavoieT\u00e9l. +33 (0)6 09 7911 54 le Bureau des Guides de Tignes peut apporter des am\u00e9liorations ou des changements \u00e0 ce site et ce sans pr\u00e9avis. Les informations de ce site peuvent contenir des inexactitudes techniques ou des erreurs typographiques Ces informations [&hellip;]\" \/>\n<meta property=\"og:url\" content=\"https:\/\/guides-montagne-tignes.com\/en\/legal-information\/\" \/>\n<meta property=\"og:site_name\" content=\"Bureau des Guides\" \/>\n<meta property=\"article:modified_time\" content=\"2024-08-05T14:32:51+00:00\" \/>\n<meta name=\"twitter:card\" content=\"summary_large_image\" \/>\n<meta name=\"twitter:label1\" content=\"Estimated reading time\" \/>\n\t<meta name=\"twitter:data1\" content=\"1 minute\" \/>\n<script type=\"application\/ld+json\" class=\"yoast-schema-graph\">{\"@context\":\"https:\/\/schema.org\",\"@graph\":[{\"@type\":\"WebPage\",\"@id\":\"https:\/\/guides-montagne-tignes.com\/mentions-legales\/\",\"url\":\"https:\/\/guides-montagne-tignes.com\/mentions-legales\/\",\"name\":\"Mentions L\u00e9gales - Bureau des Guides\",\"isPartOf\":{\"@id\":\"https:\/\/guides-montagne-tignes.com\/#website\"},\"datePublished\":\"2024-08-05T14:20:34+00:00\",\"dateModified\":\"2024-08-05T14:32:51+00:00\",\"breadcrumb\":{\"@id\":\"https:\/\/guides-montagne-tignes.com\/mentions-legales\/#breadcrumb\"},\"inLanguage\":\"en-GB\",\"potentialAction\":[{\"@type\":\"ReadAction\",\"target\":[\"https:\/\/guides-montagne-tignes.com\/mentions-legales\/\"]}]},{\"@type\":\"BreadcrumbList\",\"@id\":\"https:\/\/guides-montagne-tignes.com\/mentions-legales\/#breadcrumb\",\"itemListElement\":[{\"@type\":\"ListItem\",\"position\":1,\"name\":\"Accueil\",\"item\":\"https:\/\/guides-montagne-tignes.com\/\"},{\"@type\":\"ListItem\",\"position\":2,\"name\":\"Mentions L\u00e9gales\"}]},{\"@type\":\"WebSite\",\"@id\":\"https:\/\/guides-montagne-tignes.com\/#website\",\"url\":\"https:\/\/guides-montagne-tignes.com\/\",\"name\":\"Bureau des Guides\",\"description\":\"Bureau des Guides\",\"publisher\":{\"@id\":\"https:\/\/guides-montagne-tignes.com\/#organization\"},\"potentialAction\":[{\"@type\":\"SearchAction\",\"target\":{\"@type\":\"EntryPoint\",\"urlTemplate\":\"https:\/\/guides-montagne-tignes.com\/?s={search_term_string}\"},\"query-input\":{\"@type\":\"PropertyValueSpecification\",\"valueRequired\":true,\"valueName\":\"search_term_string\"}}],\"inLanguage\":\"en-GB\"},{\"@type\":\"Organization\",\"@id\":\"https:\/\/guides-montagne-tignes.com\/#organization\",\"name\":\"Bureau des Guides\",\"url\":\"https:\/\/guides-montagne-tignes.com\/\",\"logo\":{\"@type\":\"ImageObject\",\"inLanguage\":\"en-GB\",\"@id\":\"https:\/\/guides-montagne-tignes.com\/#\/schema\/logo\/image\/\",\"url\":\"https:\/\/guides-montagne-tignes.com\/wp-content\/uploads\/2025\/01\/cropped-logo-mobile-V2.png\",\"contentUrl\":\"https:\/\/guides-montagne-tignes.com\/wp-content\/uploads\/2025\/01\/cropped-logo-mobile-V2.png\",\"width\":722,\"height\":246,\"caption\":\"Bureau des Guides\"},\"image\":{\"@id\":\"https:\/\/guides-montagne-tignes.com\/#\/schema\/logo\/image\/\"}}]}<\/script>\n<!-- \/ Yoast SEO plugin. -->","yoast_head_json":{"title":"Mentions L\u00e9gales - Bureau des Guides","robots":{"index":"index","follow":"follow","max-snippet":"max-snippet:-1","max-image-preview":"max-image-preview:large","max-video-preview":"max-video-preview:-1"},"canonical":"https:\/\/guides-montagne-tignes.com\/en\/legal-information\/","og_locale":"en_GB","og_type":"article","og_title":"Mentions L\u00e9gales - Bureau des Guides","og_description":"mentions l\u00e9gales Information Propri\u00e9taire du site Bureau des guides de TignesImm. le N\u00e9vada73320 TignesSavoieT\u00e9l. +33 (0)6 09 7911 54 le Bureau des Guides de Tignes peut apporter des am\u00e9liorations ou des changements \u00e0 ce site et ce sans pr\u00e9avis. Les informations de ce site peuvent contenir des inexactitudes techniques ou des erreurs typographiques Ces informations [&hellip;]","og_url":"https:\/\/guides-montagne-tignes.com\/en\/legal-information\/","og_site_name":"Bureau des Guides","article_modified_time":"2024-08-05T14:32:51+00:00","twitter_card":"summary_large_image","twitter_misc":{"Estimated reading time":"1 minute"},"schema":{"@context":"https:\/\/schema.org","@graph":[{"@type":"WebPage","@id":"https:\/\/guides-montagne-tignes.com\/mentions-legales\/","url":"https:\/\/guides-montagne-tignes.com\/mentions-legales\/","name":"Mentions L\u00e9gales - Bureau des Guides","isPartOf":{"@id":"https:\/\/guides-montagne-tignes.com\/#website"},"datePublished":"2024-08-05T14:20:34+00:00","dateModified":"2024-08-05T14:32:51+00:00","breadcrumb":{"@id":"https:\/\/guides-montagne-tignes.com\/mentions-legales\/#breadcrumb"},"inLanguage":"en-GB","potentialAction":[{"@type":"ReadAction","target":["https:\/\/guides-montagne-tignes.com\/mentions-legales\/"]}]},{"@type":"BreadcrumbList","@id":"https:\/\/guides-montagne-tignes.com\/mentions-legales\/#breadcrumb","itemListElement":[{"@type":"ListItem","position":1,"name":"Accueil","item":"https:\/\/guides-montagne-tignes.com\/"},{"@type":"ListItem","position":2,"name":"Mentions L\u00e9gales"}]},{"@type":"WebSite","@id":"https:\/\/guides-montagne-tignes.com\/#website","url":"https:\/\/guides-montagne-tignes.com\/","name":"Bureau des Guides","description":"Bureau des Guides","publisher":{"@id":"https:\/\/guides-montagne-tignes.com\/#organization"},"potentialAction":[{"@type":"SearchAction","target":{"@type":"EntryPoint","urlTemplate":"https:\/\/guides-montagne-tignes.com\/?s={search_term_string}"},"query-input":{"@type":"PropertyValueSpecification","valueRequired":true,"valueName":"search_term_string"}}],"inLanguage":"en-GB"},{"@type":"Organization","@id":"https:\/\/guides-montagne-tignes.com\/#organization","name":"Bureau des Guides","url":"https:\/\/guides-montagne-tignes.com\/","logo":{"@type":"ImageObject","inLanguage":"en-GB","@id":"https:\/\/guides-montagne-tignes.com\/#\/schema\/logo\/image\/","url":"https:\/\/guides-montagne-tignes.com\/wp-content\/uploads\/2025\/01\/cropped-logo-mobile-V2.png","contentUrl":"https:\/\/guides-montagne-tignes.com\/wp-content\/uploads\/2025\/01\/cropped-logo-mobile-V2.png","width":722,"height":246,"caption":"Bureau des Guides"},"image":{"@id":"https:\/\/guides-montagne-tignes.com\/#\/schema\/logo\/image\/"}}]}},"_links":{"self":[{"href":"https:\/\/guides-montagne-tignes.com\/en\/wp-json\/wp\/v2\/pages\/1276","targetHints":{"allow":["GET"]}}],"collection":[{"href":"https:\/\/guides-montagne-tignes.com\/en\/wp-json\/wp\/v2\/pages"}],"about":[{"href":"https:\/\/guides-montagne-tignes.com\/en\/wp-json\/wp\/v2\/types\/page"}],"author":[{"embeddable":true,"href":"https:\/\/guides-montagne-tignes.com\/en\/wp-json\/wp\/v2\/users\/1"}],"replies":[{"embeddable":true,"href":"https:\/\/guides-montagne-tignes.com\/en\/wp-json\/wp\/v2\/comments?post=1276"}],"version-history":[{"count":4,"href":"https:\/\/guides-montagne-tignes.com\/en\/wp-json\/wp\/v2\/pages\/1276\/revisions"}],"predecessor-version":[{"id":1281,"href":"https:\/\/guides-montagne-tignes.com\/en\/wp-json\/wp\/v2\/pages\/1276\/revisions\/1281"}],"wp:attachment":[{"href":"https:\/\/guides-montagne-tignes.com\/en\/wp-json\/wp\/v2\/media?parent=1276"}],"curies":[{"name":"wp","href":"https:\/\/api.w.org\/{rel}","templated":true}]}}